{"id":26,"date":"2012-09-18T15:37:25","date_gmt":"2012-09-18T12:37:25","guid":{"rendered":"http:\/\/localhost\/wp-dev\/sampsaertamo\/?page_id=26"},"modified":"2012-10-25T14:52:16","modified_gmt":"2012-10-25T11:52:16","slug":"kritik","status":"publish","type":"page","link":"https:\/\/www.sampsaertamo.com\/sv\/kritik\/","title":{"rendered":"Kritiker"},"content":{"rendered":"<blockquote><p>&#8221;Ertamos musik kommer fr\u00e5n en annan planet&#8221;<\/p><\/blockquote>\n<p>Jukka Isopuro, Helsingin Sanomat 17.2.2011<\/p>\n<p>Jubileum\u00e5rets avslutningskonsert i Brandk\u00e5rshuset 1.12.2009<br \/>\nTavastehus stadsorkester, Tuomas Piril\u00e4<\/p>\n<blockquote><p>&#8221;Den unge lovande tons\u00e4ttaren Sampsa Ertamo fr\u00e5n Tavastehus hade gjort en musikalisk bukett Hommage \u00e0 Jarmo Sermil\u00e4 speciellt f\u00f6r denna konsert. Verket visade sig bilda en behagligt ljudande helhet vars typiska egenskaper \u00e4r rytmik, en fylligt str\u00e5ksats och klara och tydliga kontraster mellan de olika musikaliska karakt\u00e4rerna.&#8221;<\/p><\/blockquote>\n<p>Markus Mantere, H\u00e4meen Sanomat 3.12.2009<\/p>\n<p>Sampsa Ertamos kompositionskonsert i kammarmusiksalen vid Sibelius-Akademin 15.2.2011.<br \/>\nUusinta-kammarensamble, Seppo Salovius, Tuuli Lindeberg<\/p>\n<blockquote><p>&#8221;Man kunde likna den 37-\u00e5rige Sampsa Ertamo, som numera bor i Tavastehus, vid en olikt\u00e4nkare som tons\u00e4ttare. Han simmar dock inte proklamerande motstr\u00f6ms. Att tons\u00e4tta f\u00f6refaller f\u00f6r honom vara fr\u00e4mst ett s\u00e4tt att existera.&#8221;<\/p><\/blockquote>\n<p>Jukka Isopuro, Helsingin Sanomat 17.2.2011<\/p>\n<p>Elektrisk modern musik i Kl\u00e4desfabrikens Studio (Tavastehus) 15.4.2011<\/p>\n<blockquote><p>&#8221;Man betraktar elektroakustisk modern musik ofta som en sv\u00e5r konstgren vilken lekm\u00e4n upplever som obegriplig. Denna f\u00f6rdom f\u00f6rhoppningsvis f\u00f6rsvann p\u00e5 fredagens konsert d\u00e4r man fick h\u00f6ra kompositioner av Sampsa Ertamo, Lauri Toivio och Mikko Perkola.<\/p>\n<p>Ertamos produktion har jag h\u00f6rt \u00e4ven tidigare, men tons\u00e4ttarens musik med elektronik har tillsvidare blivit i skymundan f\u00f6r mig. Bland de nuh\u00f6rda verken finns verkliga p\u00e4rlor som det f\u00e4rska bandverket Elektrosaarna (Elektropredikan) d\u00e4r en radior\u00f6st som malar nonsense-lyrik skapar tillsammans med k\u00f6rallusioner, och Vilja Tamminens fotografi i bakgrunden, en rik och m\u00e5ngfasetterad upplevelse.<\/p>\n<p>Verket p\u00e5minner lite om h\u00f6rspelen, men \u00e4r ett fint bevis p\u00e5 hur m\u00e5nga olika musikaliska s\u00e4tt det finns f\u00f6r att kunna skapa betydelser och ber\u00e4ttelser utan hj\u00e4lp av spr\u00e5ket.&#8221;<\/p><\/blockquote>\n<p>Markus Mantere, H\u00e4meen Sanomat 17.4.2011<\/p>\n<p>Sj\u00e4lvst\u00e4ndighetsdagens jubileumskonsert i Sibeliushuset 6.12.2011<br \/>\nSinfonia Lahti, Okko Kamu<\/p>\n<blockquote><p>&#8221;Verket Juhla-alkusoitto (Jubileumsuvertyr) gjorde ett positivt intryck fast\u00e4n det n\u00e4stan var om\u00f6jligt f\u00f6r mig att sk\u00f6nja n\u00e5gon festlighet i tonerna. Bleckbl\u00e5sare inledde kompositionen praktfullt, men inte med st\u00e5tliga fanfarer utan med buller och b\u00e5ng. Med str\u00e5karna framskred musiken fl\u00e5sande som ett m\u00e4ktigt \u00e5nglok. \u00c4ven om farten emellan\u00e5t saktades av till ett ljuvt sv\u00e4rmande beh\u00f6ll musiken sitt alltid energiska slag.&#8211;<\/p>\n<p>Mest angenemt i Ertamos tonspr\u00e5k \u00e4r dess logik. Fast\u00e4n man inte j\u00e4mt skulle kunna urskilja den r\u00f6da tr\u00e5den beh\u00e5lls k\u00e4nslan av den \u00e4nd\u00e5 alltid. Detta g\u00e4ller ocks\u00e5 harmonier.&#8221;<\/p><\/blockquote>\n<p>Arto Sakari Korpinen, Etel\u00e4-Suomen Sanomat 8.12.2011<\/p>\n<p>Sibelius f\u00f6delsedagskonsert i Kl\u00e4desfabrikens Vanaja-sal (Tavastehus) 8.12.2011<br \/>\nSinfonia Lahti, Okko Kamu<\/p>\n<blockquote><p>&#8221;Man kan h\u00f6ra i verket Jubileumsuvertyr l\u00e5nga, vinnande r\u00f6relser och passligt kantig rytmik, men ocks\u00e5 lite knyckiga \u00f6verg\u00e5ngar. Dessa j\u00e4mnas \u00e4nd\u00e5 ut av ett stramt motivn\u00e4t som binder ihop verkets delar.&#8221;<\/p><\/blockquote>\n<p>Samuli Tiikkaja, Helsingin Sanomat 10.12.2011<\/p>\n<p>Sibelius f\u00f6delsedagskonsert i Kl\u00e4desfabrikens Vanaja-sal (Tavastehus) 8.12.2011<br \/>\nSinfonia Lahti, Okko Kamu<\/p>\n<blockquote><p>&#8221;Tidigare i veckan sv\u00e4ngde sig uruppf\u00f6randet av Sampsa Ertamos Juhla-alkusoitto (Jubileumsuvertyr) lite i nyklassisk stil mellan den knyckiga rytmmusiken, och de m\u00f6rka brytningarna som kontrollerades av melodierna.<\/p>\n<p>\u00d6verg\u00e5ngarna fr\u00e5n brytningarna till andra var ofta snabba och \u00e4ven ryckiga. I b\u00f6rjan fick verket rent av roliga drag av positivliknande sirkusmusik. I de l\u00e5ngsamma brytningarna utgjordes ackompanjemanget ofta av str\u00e5karnas tremoloklang. Den snabbt f\u00f6rbig\u00e5ende Jubileumsuvertyren utmynnade i kraftigt skummande.&#8221;<\/p><\/blockquote>\n<p>Aki Yli-Salom\u00e4ki, H\u00e4meen Sanomat 10.12.2011<\/p>\n","protected":false},"excerpt":{"rendered":"<p>&#8221;Ertamos musik kommer fr\u00e5n en annan planet&#8221; Jukka Isopuro, Helsingin Sanomat 17.2.2011 Jubileum\u00e5rets avslutningskonsert i Brandk\u00e5rshuset 1.12.2009 Tavastehus stadsorkester, Tuomas Piril\u00e4 &#8221;Den unge lovande tons\u00e4ttaren Sampsa Ertamo fr\u00e5n Tavastehus hade gjort en musikalisk bukett Hommage \u00e0 Jarmo Sermil\u00e4 speciellt f\u00f6r denna konsert. Verket visade sig bilda en behagligt ljudande helhet vars typiska egenskaper \u00e4r rytmik, [&hellip;]<\/p>\n","protected":false},"author":3,"featured_media":0,"parent":0,"menu_order":0,"comment_status":"closed","ping_status":"closed","template":"","meta":{"footnotes":""},"class_list":["post-26","page","type-page","status-publish","hentry"],"_links":{"self":[{"href":"https:\/\/www.sampsaertamo.com\/sv\/wp-json\/wp\/v2\/pages\/26","targetHints":{"allow":["GET"]}}],"collection":[{"href":"https:\/\/www.sampsaertamo.com\/sv\/wp-json\/wp\/v2\/pages"}],"about":[{"href":"https:\/\/www.sampsaertamo.com\/sv\/wp-json\/wp\/v2\/types\/page"}],"author":[{"embeddable":true,"href":"https:\/\/www.sampsaertamo.com\/sv\/wp-json\/wp\/v2\/users\/3"}],"replies":[{"embeddable":true,"href":"https:\/\/www.sampsaertamo.com\/sv\/wp-json\/wp\/v2\/comments?post=26"}],"version-history":[{"count":7,"href":"https:\/\/www.sampsaertamo.com\/sv\/wp-json\/wp\/v2\/pages\/26\/revisions"}],"predecessor-version":[{"id":563,"href":"https:\/\/www.sampsaertamo.com\/sv\/wp-json\/wp\/v2\/pages\/26\/revisions\/563"}],"wp:attachment":[{"href":"https:\/\/www.sampsaertamo.com\/sv\/wp-json\/wp\/v2\/media?parent=26"}],"curies":[{"name":"wp","href":"https:\/\/api.w.org\/{rel}","templated":true}]}}