{"id":987,"date":"2016-11-23T10:05:56","date_gmt":"2016-11-23T08:05:56","guid":{"rendered":"https:\/\/www.sampsaertamo.com\/sv\/?page_id=987"},"modified":"2016-11-23T10:05:56","modified_gmt":"2016-11-23T08:05:56","slug":"information-om-dataskydd","status":"publish","type":"page","link":"https:\/\/www.sampsaertamo.com\/sv\/information-om-dataskydd\/","title":{"rendered":"Information om dataskydd"},"content":{"rendered":"<p>Vi samlar information om hur v\u00e5r webbplats anv\u00e4nds med hj\u00e4lp av cookies. Nedan finner du mer information<\/p>\n<ul>\n<li>om cookies,<\/li>\n<li>hur vi anv\u00e4nder dem och<\/li>\n<li>hur du kan kontrollera dem.<\/li>\n<\/ul>\n<p>Anv\u00e4nd inte v\u00e5r webbplats om du inte godk\u00e4nner dessa villkor.<\/p>\n<h2><b>1 Vad \u00e4r cookies?<\/b><\/h2>\n<p>Cookies \u00e4r sm\u00e5 textfiler som sparas p\u00e5 din dator eller n\u00e5gon annan enhet n\u00e4r du bes\u00f6ker en webbplats. De skickas sedan tillbaka till v\u00e5r webbplats varje g\u00e5ng du bes\u00f6ker den eller till en annan webbplats som kan anv\u00e4nda dem.<\/p>\n<p>Med hj\u00e4lp av cookies kan vi bl.a. identifiera din enhet n\u00e4sta g\u00e5ng du bes\u00f6ker v\u00e5r webbplats, komma ih\u00e5g vilka val du har gjort, f\u00f6rb\u00e4ttra din anv\u00e4ndarupplevelse och skr\u00e4ddarsy annonserna p\u00e5 v\u00e5r webbplats och i eventuella andra tj\u00e4nster.<\/p>\n<p>Mer information om cookies finns p\u00e5 www.aboutcookies.org.<\/p>\n<h2><b>2 Cookies p\u00e5 v\u00e5r webbplats<\/b><\/h2>\n<p>Vi anv\u00e4nder olika cookies p\u00e5 v\u00e5r webbplats. Cookies kan delas in utifr\u00e5n deras varaktighet och anv\u00e4ndnings\u00e4ndam\u00e5l.<\/p>\n<p>N\u00e4r det g\u00e4ller varaktighet anv\u00e4nder vi s\u00e5v\u00e4l tillf\u00e4lliga som permanenta cookies. Tillf\u00e4lliga cookies sparas endast tempor\u00e4rt och f\u00f6rsvinner n\u00e4r du st\u00e4nger webbl\u00e4saren. Vi anv\u00e4nder \u00e4ven permanenta cookies som sparas en l\u00e4ngre tid som fastst\u00e4llts i f\u00f6rv\u00e4g.<\/p>\n<p>Information om \u00e4ndam\u00e5lsbundna cookies finns l\u00e4ngre ner.<\/p>\n<p><b>Absolut n\u00f6dv\u00e4ndiga<\/b><\/p>\n<p>En del cookies beh\u00f6vs f\u00f6r att man ska kunna navigera runt p\u00e5 v\u00e5r webbplats och anv\u00e4nda dess funktioner. Dessa cookies samlar inte in information om anv\u00e4ndaren som kan anv\u00e4ndas vid marknadsf\u00f6ring eller f\u00f6r att komma ih\u00e5g vilka webbplatser som anv\u00e4ndaren har bes\u00f6kt.<\/p>\n<p><b>Prestanda<\/b><\/p>\n<p>Prestandacookies samlar in information om hur bes\u00f6karna anv\u00e4nder v\u00e5r webbplats (till exempel vilka sidor som bes\u00f6kts mest och eventuella felmeddelanden). Dessa cookies samlar inte in information som identifierar en bes\u00f6kare, utan de \u00e4r anonyma och anv\u00e4nds enbart f\u00f6r att f\u00f6rb\u00e4ttra webbplatsens funktion.<\/p>\n<p>V\u00e5r webbplats anv\u00e4nder Google Analytics-cookies. Information som samlas in av dessa cookies \u00f6verf\u00f6rs till och lagras p\u00e5 Googles servrar, varav en del kan finnas utanf\u00f6r EU och som i s\u00e5 fall omfattas av den lokala dataskyddslagstiftningen. Mer information om Googles sekretesspolicy och Google Analytics finns p\u00e5:<\/p>\n<p><a href=\"https:\/\/support.google.com\/analytics\/answer\/6004245\" target=\"_blank\">Google Analytics privacy overview<\/a><\/p>\n<p><a href=\"https:\/\/tools.google.com\/dlpage\/gaoptout?hl=en=GB\" target=\"_blank\">Opt out of Google Analytics tracking<\/a><\/p>\n<p>V\u00e5r webbplats anv\u00e4nder ocks\u00e5 cookies fr\u00e5n Facebook och Twitter. Information som samlas in av dessa cookies kan \u00f6verf\u00f6ras och lagras p\u00e5 servrar hos akt\u00f6rer som kan finnas utanf\u00f6r EU.<\/p>\n<p><b>Funktionella<\/b><\/p>\n<p>Funktionella cookies hj\u00e4lper v\u00e5r webbplats komma ih\u00e5g dina val (som anv\u00e4ndarnamn, spr\u00e5k eller region) och erbjuder f\u00f6rb\u00e4ttrade och mer personliga funktioner.<\/p>\n<p><b>Tredjepartscookies<\/b><\/p>\n<p>V\u00e5r webbplats har ocks\u00e5 knappar som g\u00f6r det l\u00e4ttare att dela inneh\u00e5ll med olika webbkommunikationsmilj\u00f6er och sociala medier. Om du anv\u00e4nder dessa knappar kan en cookie lagras i din enhet av den tj\u00e4nst du valt. Dessa cookies \u00e4r inte under v\u00e5r kontroll. Se den relevanta partens webbplats f\u00f6r mer information om anv\u00e4ndningen av tredjepartscookies.<\/p>\n<p>V\u00e5r webbplats kan godk\u00e4nna cookies fr\u00e5n dessa tredjepartstj\u00e4nster. Det kan vara t.ex. reklam som visas via Facebook- eller Google-tj\u00e4nster.<\/p>\n<h2><b>3 Hur kontrollerar man och tar bort cookies?<\/b><\/h2>\n<p>De flesta webbl\u00e4sare godk\u00e4nner cookies, men du kan vanligtvis \u00e4ndra webbl\u00e4sarens inst\u00e4llningar s\u00e5 att du inte tar emot nya cookies, avaktivera befintliga cookies eller be att f\u00e5 veta n\u00e4r nya cookies skickas till din dator.<\/p>\n<p>Om du vill st\u00e4lla in webbl\u00e4saren s\u00e5 att den inte tar emot cookies ska du f\u00f6lja webbl\u00e4sarens anvisningar (finns vanligtvis under n\u00e5gon av menyerna Hj\u00e4lp, Verktyg eller Redigera). Mer detaljerade anvisningar finns p\u00e5 www.aboutcookies.org<\/p>\n<p>Om du v\u00e4ljer att inte ta emot eller avaktiverar cookies kan det h\u00e4nda att inte alla funktioner p\u00e5 v\u00e5r webbplats fungerar. \u00a0Avaktivering av en cookie eller en grupp av cookies inneb\u00e4r inte att cookien raderas fr\u00e5n din webbl\u00e4sare, utan du m\u00e5ste sj\u00e4lv g\u00f6ra det via webbl\u00e4saren.<\/p>\n<h2><b>4 \u00c4ndringar<\/b><\/h2>\n<p>Vi informerar om \u00e4ndringar i v\u00e5rt s\u00e4tt att anv\u00e4nda cookies h\u00e4r. Vi kan ocks\u00e5 uppm\u00e4rksamma \u00e4ndringarna p\u00e5 v\u00e5r webbsida.<\/p>\n","protected":false},"excerpt":{"rendered":"<p>Vi samlar information om hur v\u00e5r webbplats anv\u00e4nds med hj\u00e4lp av cookies. Nedan finner du mer information om cookies, hur vi anv\u00e4nder dem och hur du kan kontrollera dem. Anv\u00e4nd inte v\u00e5r webbplats om du inte godk\u00e4nner dessa villkor. 1 Vad \u00e4r cookies? Cookies \u00e4r sm\u00e5 textfiler som sparas p\u00e5 din dator eller n\u00e5gon annan [&hellip;]<\/p>\n","protected":false},"author":3,"featured_media":0,"parent":0,"menu_order":0,"comment_status":"closed","ping_status":"closed","template":"","meta":{"footnotes":""},"class_list":["post-987","page","type-page","status-publish","hentry"],"_links":{"self":[{"href":"https:\/\/www.sampsaertamo.com\/sv\/wp-json\/wp\/v2\/pages\/987","targetHints":{"allow":["GET"]}}],"collection":[{"href":"https:\/\/www.sampsaertamo.com\/sv\/wp-json\/wp\/v2\/pages"}],"about":[{"href":"https:\/\/www.sampsaertamo.com\/sv\/wp-json\/wp\/v2\/types\/page"}],"author":[{"embeddable":true,"href":"https:\/\/www.sampsaertamo.com\/sv\/wp-json\/wp\/v2\/users\/3"}],"replies":[{"embeddable":true,"href":"https:\/\/www.sampsaertamo.com\/sv\/wp-json\/wp\/v2\/comments?post=987"}],"version-history":[{"count":1,"href":"https:\/\/www.sampsaertamo.com\/sv\/wp-json\/wp\/v2\/pages\/987\/revisions"}],"predecessor-version":[{"id":988,"href":"https:\/\/www.sampsaertamo.com\/sv\/wp-json\/wp\/v2\/pages\/987\/revisions\/988"}],"wp:attachment":[{"href":"https:\/\/www.sampsaertamo.com\/sv\/wp-json\/wp\/v2\/media?parent=987"}],"curies":[{"name":"wp","href":"https:\/\/api.w.org\/{rel}","templated":true}]}}